{"id":2,"date":"2019-12-12T12:58:00","date_gmt":"2019-12-12T11:58:00","guid":{"rendered":"https:\/\/streampac.io\/nl\/?page_id=2"},"modified":"2025-12-22T12:12:18","modified_gmt":"2025-12-22T11:12:18","slug":"home","status":"publish","type":"page","link":"https:\/\/streampac.io\/nl\/","title":{"rendered":"Home"},"content":{"rendered":"<section id=section-block-block_5bfd790052b93fe825b7d4c31188062e class=\"section query-overview-block logos \" itemscope itemtype=\"http:\/\/schema.org\/WebPageElement\" itemprop=\"isPartOf\"><div class=\"container\"><div class=\"block-row blocks-in-row-1\"><div class=\"block collection-overview-block logos\"><ul class=\"collection-wrapper\" itemscope itemtype=\"https:\/\/schema.org\/Collection\"><span class=\"part logo-part\"><div class=\"inner-wrapper\"><div class=\"thumb\"><meta content=\"https:\/\/streampac.io\/nl\/wp-content\/uploads\/sites\/2\/2023\/04\/LEAD.jpg\" itemprop=\"image\"><img loading=\"lazy\" decoding=\"async\" width=\"600\" height=\"360\" src=\"https:\/\/streampac.io\/nl\/wp-content\/uploads\/sites\/2\/2023\/04\/LEAD.jpg\" class=\"attachment-logo size-logo wp-post-image\" alt=\"\" srcset=\"https:\/\/streampac.io\/nl\/wp-content\/uploads\/sites\/2\/2023\/04\/LEAD.jpg 600w, https:\/\/streampac.io\/nl\/wp-content\/uploads\/sites\/2\/2023\/04\/LEAD-300x180.jpg 300w\" sizes=\"(max-width: 600px) 100vw, 600px\" \/><\/div><\/div><\/span><span class=\"part logo-part\"><div class=\"inner-wrapper\"><div class=\"thumb\"><meta content=\"https:\/\/streampac.io\/nl\/wp-content\/uploads\/sites\/2\/2023\/04\/DY.jpg\" itemprop=\"image\"><img loading=\"lazy\" decoding=\"async\" width=\"600\" height=\"360\" src=\"https:\/\/streampac.io\/nl\/wp-content\/uploads\/sites\/2\/2023\/04\/DY.jpg\" class=\"attachment-logo size-logo wp-post-image\" alt=\"\" srcset=\"https:\/\/streampac.io\/nl\/wp-content\/uploads\/sites\/2\/2023\/04\/DY.jpg 600w, https:\/\/streampac.io\/nl\/wp-content\/uploads\/sites\/2\/2023\/04\/DY-300x180.jpg 300w\" sizes=\"(max-width: 600px) 100vw, 600px\" \/><\/div><\/div><\/span><span class=\"part logo-part\"><div class=\"inner-wrapper\"><div class=\"thumb\"><meta content=\"https:\/\/streampac.io\/nl\/wp-content\/uploads\/sites\/2\/2023\/04\/lm.jpg\" itemprop=\"image\"><img loading=\"lazy\" decoding=\"async\" width=\"600\" height=\"360\" src=\"https:\/\/streampac.io\/nl\/wp-content\/uploads\/sites\/2\/2023\/04\/lm.jpg\" class=\"attachment-logo size-logo wp-post-image\" alt=\"\" srcset=\"https:\/\/streampac.io\/nl\/wp-content\/uploads\/sites\/2\/2023\/04\/lm.jpg 600w, https:\/\/streampac.io\/nl\/wp-content\/uploads\/sites\/2\/2023\/04\/lm-300x180.jpg 300w\" sizes=\"(max-width: 600px) 100vw, 600px\" \/><\/div><\/div><\/span><span class=\"part logo-part\"><div class=\"inner-wrapper\"><div class=\"thumb\"><meta content=\"https:\/\/streampac.io\/nl\/wp-content\/uploads\/sites\/2\/2025\/01\/H4L-\u2013-logo.jpg\" itemprop=\"image\"><img loading=\"lazy\" decoding=\"async\" width=\"600\" height=\"360\" src=\"https:\/\/streampac.io\/nl\/wp-content\/uploads\/sites\/2\/2025\/01\/H4L-\u2013-logo.jpg\" class=\"attachment-logo size-logo wp-post-image\" alt=\"\" srcset=\"https:\/\/streampac.io\/nl\/wp-content\/uploads\/sites\/2\/2025\/01\/H4L-\u2013-logo.jpg 600w, https:\/\/streampac.io\/nl\/wp-content\/uploads\/sites\/2\/2025\/01\/H4L-\u2013-logo-300x180.jpg 300w\" sizes=\"(max-width: 600px) 100vw, 600px\" \/><\/div><\/div><\/span><\/ul><\/div><\/div><\/div><\/section>\n\n<section id=section-block-block_df68bd7b997301021f3d5d8d5f3e69c5 class=\"section block_content\" itemscope itemtype=\"http:\/\/schema.org\/WebPageElement\" itemprop=\"hasPart\"><div class=\"container\"><div class=\"block-row blocks-in-row-1\"><div class=\"block content-block\" itemscope itemtype=\"http:\/\/schema.org\/WebPageElement\" itemprop=\"isPartOf\"><div class=\"inner-wrapper\"><div class=\"title-wrapper\"><H2 class=\"block-title\">Directe impact maken met je platform<\/H2><\/div><div itemprop=\"text\" class=\"content-wrapper\"><p>Streampac is een modulair contentplatform waarmee je trainingen, video\u2019s, kennis en data slim ontsluit voor klanten, gebruikers of medewerkers.<\/p>\n<\/div><\/div><\/div><\/div><\/div><\/section>\n\n<section id=section-block-block_07c26cb034fb6503408e007793fe62a0 class=\"section steps-block\" itemscope itemtype=\"https:\/\/schema.org\/FAQPage\"><div class=\"container\"><div class=\"block-row blocks-in-row-1\"><div class=\"inner-wrapper\"><\/div><div class=\"block steps-block\"><div class=\"animation-side\"><div class=\"sticky-wrapper first class-1\"><div class=\"video-wrapper\"><video muted autoplay controlsList=\"nodownload\"><source src=\"https:\/\/streampac.io\/nl\/wp-content\/uploads\/sites\/2\/2023\/04\/home.mp4\" type=\"video\/mp4\">Your browser does not support the video tag.<\/video><\/div><figure itemscope itemtype=\"http:\/\/schema.org\/ImageObject\" itemprop=\"isPartOf\" class=\"img-wrapper\"><img decoding=\"async\" title=\"Video detail - 1\" alt=\"\" src=\"https:\/\/streampac.io\/nl\/wp-content\/uploads\/sites\/2\/2023\/04\/Video-detail-1.png\"\/><meta itemprop=\"name\" content=\"Video detail - 1\"><meta itemprop=\"image\" content=\"https:\/\/streampac.io\/nl\/wp-content\/uploads\/sites\/2\/2023\/04\/Video-detail-1.png\"><\/figure><figure itemscope itemtype=\"http:\/\/schema.org\/ImageObject\" itemprop=\"isPartOf\" class=\"img-wrapper\"><img decoding=\"async\" title=\"Video detail - 2\" alt=\"\" src=\"https:\/\/streampac.io\/nl\/wp-content\/uploads\/sites\/2\/2023\/04\/Video-detail-2.png\"\/><meta itemprop=\"name\" content=\"Video detail - 2\"><meta itemprop=\"image\" content=\"https:\/\/streampac.io\/nl\/wp-content\/uploads\/sites\/2\/2023\/04\/Video-detail-2.png\"><\/figure><\/div><\/div><div class=\"block big-steps-wrapper\"><div data-destination=\"class-1\" class=\"step-wrapper block animation-block\"><div class=\"mobile-side\"><div class=\"video-wrapper\"><video playsinline muted autoplay controlsList=\"nodownload\"><source src=\"https:\/\/streampac.io\/nl\/wp-content\/uploads\/sites\/2\/2023\/04\/home.mp4\" type=\"video\/mp4\">Your browser does not support the video tag.<\/video><\/div><\/div><div class=\"right-side\"><span class=\"step-subtitle\">Video-on-Demand platform<\/span><h2 class=\"step-title\">Voor organisaties die content willen aanbieden en verkopen.<\/h2><div class=\"content-wrapper\"><ul>\n<li>Jouw merk staat centraal, niet het onze<\/li>\n<li>Makkelijk beheer van content en gebruikers<\/li>\n<li>Klaar voor betaalde content, community en groei<\/li>\n<li>Betrouwbare hosting en support uit Nederland<\/li>\n<\/ul>\n<p><a href=\"https:\/\/streampac.io\/nl\/video-on-demand-platform\/\">Bekijk VOD-oplossing<\/a><\/p>\n<\/div><\/div><\/div><div data-destination=\"class-2\" class=\"step-wrapper block animation-block\"><div class=\"mobile-side\"><figure itemscope itemtype=\"http:\/\/schema.org\/ImageObject\" itemprop=\"isPartOf\" class=\"img-wrapper\"><img decoding=\"async\" title=\"Video detail - 1\" alt=\"\" src=\"https:\/\/streampac.io\/nl\/wp-content\/uploads\/sites\/2\/2023\/04\/Video-detail-1-600x400.png\"\/><meta itemprop=\"name\" content=\"Video detail - 1\"><meta itemprop=\"image\" content=\"https:\/\/streampac.io\/nl\/wp-content\/uploads\/sites\/2\/2023\/04\/Video-detail-1-600x400.png\"><\/figure><\/div><div class=\"right-side\"><span class=\"step-subtitle\"> Learning &#038; onboarding platform<\/span><h2 class=\"step-title\">Voor bedrijven die klanten of medewerkers willen trainen of onboarden.<\/h2><div class=\"content-wrapper\"><ul>\n<li>AI-instructievideo\u2019s, microlearning, checklists, FAQ<\/li>\n<li>Slimme content journeys in je eigen huisstijl<\/li>\n<li>Conversie van handleidingen en pdf\u2019s naar video<\/li>\n<li>Je integreert makkelijk met HR-systemen of CRM<\/li>\n<\/ul>\n<\/div><\/div><\/div><div data-destination=\"class-3\" class=\"step-wrapper block animation-block\"><div class=\"mobile-side\"><figure itemscope itemtype=\"http:\/\/schema.org\/ImageObject\" itemprop=\"isPartOf\" class=\"img-wrapper\"><img decoding=\"async\" title=\"Video detail - 2\" alt=\"\" src=\"https:\/\/streampac.io\/nl\/wp-content\/uploads\/sites\/2\/2023\/04\/Video-detail-2-600x400.png\"\/><meta itemprop=\"name\" content=\"Video detail - 2\"><meta itemprop=\"image\" content=\"https:\/\/streampac.io\/nl\/wp-content\/uploads\/sites\/2\/2023\/04\/Video-detail-2-600x400.png\"><\/figure><\/div><div class=\"right-side\"><span class=\"step-subtitle\">Machineplatform<\/span><h2 class=\"step-title\">Voor fabrikanten en verhuurders die machines toekomstbestendig willen maken.<\/h2><div class=\"content-wrapper\"><ul>\n<li>Machinehandleiding, onderhoud, support \u00e9n trainingen op \u00e9\u00e9n plek<\/li>\n<li>Inzicht in gebruik, prestaties en gebruikersrechten<\/li>\n<li>Verhoog klanttevredenheid \u00e9n veiligheid<\/li>\n<li>Geef elke klant zijn eigen portaal<\/li>\n<\/ul>\n<\/div><\/div><\/div><\/div><\/div><\/div><\/div><\/section>\n\n<section id=section-block-block_762077b6fe944dbf7b281010520fb131 class=\"section handpicked query-overview-block cases\" itemscope itemtype=\"http:\/\/schema.org\/WebPageElement\" itemprop=\"isPartOf\"><div class=\"container\"><div class=\"block-row blocks-in-row-1\"><div class=\"block collection-overview-block\"><ul class=\"collection-wrapper\" itemscope itemtype=\"https:\/\/schema.org\/Collection\"><a href=\"https:\/\/streampac.io\/nl\/cases\/lead-field-hockey\/\" class=\"part cases-part\" itemscope itemtype=\"https:\/\/schema.org\/Article\"><article><div class=\"inner-wrapper\"><div class=\"thumb\"><meta content=\"https:\/\/streampac.io\/nl\/wp-content\/uploads\/sites\/2\/2023\/04\/Lead-Mockup2-2860x1400.jpg\" itemprop=\"image\"><img loading=\"lazy\" decoding=\"async\" width=\"2860\" height=\"1400\" src=\"https:\/\/streampac.io\/nl\/wp-content\/uploads\/sites\/2\/2023\/04\/Lead-Mockup2-2860x1400.jpg\" class=\"attachment-cases size-cases wp-post-image\" alt=\"\" \/><\/div><div class=\"content-wrapper\"><h2 class=\"part-title\" itemprop=\"headline\">The all-in-one training platform for hockey clubs<\/h2><span class=\"button readmore\">View case<\/span><\/div><\/div><\/article><meta content=\"07\/11\/2024\" itemprop=\"datePublished\"><meta content=\"15\/07\/2025\" itemprop=\"dateModified\"><meta content=\"Bart\" itemprop=\"author\"><div class=\"meta-tag-wrapper\" itemprop=\"publisher\" itemscope itemtype=\"https:\/\/schema.org\/Organization\"><meta content=\"Streampac | NL\" itemprop=\"name\"><div itemprop=\"logo\" itemscope itemtype=\"https:\/\/schema.org\/ImageObject\"><meta itemprop=\"url\" content=\"https:\/\/streampac.io\/nl\/wp-content\/themes\/streampac\/assets\/dist\/images\/logo.svg\"><\/div><\/div><\/a><\/ul><\/div><\/div><\/div><\/section>\n\n<section id=section-block-block_ed93581ec7c92f5ef06f2d6e5e86cdeb class=\"section tabbed_content_block top-image\" itemscope itemtype=\"http:\/\/schema.org\/WebPageElement\" itemprop=\"hasPart\"><div class=\"container\"><div class=\"block-row blocks-in-row-2\"><div class=\"block tabbed-blocks\" itemscope itemtype=\"http:\/\/schema.org\/WebPageElement\" itemprop=\"isPartOf\"><div class=\"title-wrapper\"><span class=\"block-subtitle\">Video monetization<\/span><H2 class=\"block-title\">The most profitable video monetization features<\/H2><\/div><div class=\"tabbed-blocks\"><div class=\"inner-content-wrapper\" itemprop=\"text\"><div class=\"tab-wrapper img active-tab\" data-index=\"block_ed93581ec7c92f5ef06f2d6e5e86cdeb-0\"><div class=\"inner-wrapper\" data-index=\"block_ed93581ec7c92f5ef06f2d6e5e86cdeb-0\"><figure itemscope itemtype=\"http:\/\/schema.org\/ImageObject\" itemprop=\"isPartOf\" class=\"img-wrapper\"><img decoding=\"async\" title=\"Streampac - TVOD platform (Pay-Per-View)\" alt=\"\" src=\"https:\/\/streampac.io\/nl\/wp-content\/uploads\/sites\/2\/2025\/12\/Streampac-TVOD-platform-Pay-Per-View.png\"\/><meta itemprop=\"name\" content=\"Streampac - TVOD platform (Pay-Per-View)\"><meta itemprop=\"image\" content=\"https:\/\/streampac.io\/nl\/wp-content\/uploads\/sites\/2\/2025\/12\/Streampac-TVOD-platform-Pay-Per-View.png\"><\/figure><\/div><\/div><div class=\"tab-wrapper img\" data-index=\"block_ed93581ec7c92f5ef06f2d6e5e86cdeb-1\"><div class=\"inner-wrapper\" data-index=\"block_ed93581ec7c92f5ef06f2d6e5e86cdeb-1\"><figure itemscope itemtype=\"http:\/\/schema.org\/ImageObject\" itemprop=\"isPartOf\" class=\"img-wrapper\"><img decoding=\"async\" title=\"Streampac - TVOD platform (Pay-Per-View)2\" alt=\"\" src=\"https:\/\/streampac.io\/nl\/wp-content\/uploads\/sites\/2\/2025\/12\/Streampac-TVOD-platform-Pay-Per-View2.png\"\/><meta itemprop=\"name\" content=\"Streampac - TVOD platform (Pay-Per-View)2\"><meta itemprop=\"image\" content=\"https:\/\/streampac.io\/nl\/wp-content\/uploads\/sites\/2\/2025\/12\/Streampac-TVOD-platform-Pay-Per-View2.png\"><\/figure><\/div><\/div><div class=\"tab-wrapper img\" data-index=\"block_ed93581ec7c92f5ef06f2d6e5e86cdeb-2\"><div class=\"inner-wrapper\" data-index=\"block_ed93581ec7c92f5ef06f2d6e5e86cdeb-2\"><figure itemscope itemtype=\"http:\/\/schema.org\/ImageObject\" itemprop=\"isPartOf\" class=\"img-wrapper\"><img decoding=\"async\" title=\"Streampac-Advertising\" alt=\"\" src=\"https:\/\/streampac.io\/nl\/wp-content\/uploads\/sites\/2\/2025\/12\/Streampac-Advertising.png\"\/><meta itemprop=\"name\" content=\"Streampac-Advertising\"><meta itemprop=\"image\" content=\"https:\/\/streampac.io\/nl\/wp-content\/uploads\/sites\/2\/2025\/12\/Streampac-Advertising.png\"><\/figure><\/div><\/div><div class=\"tab-wrapper img\" data-index=\"block_ed93581ec7c92f5ef06f2d6e5e86cdeb-3\"><div class=\"inner-wrapper\" data-index=\"block_ed93581ec7c92f5ef06f2d6e5e86cdeb-3\"><figure itemscope itemtype=\"http:\/\/schema.org\/ImageObject\" itemprop=\"isPartOf\" class=\"img-wrapper\"><img decoding=\"async\" title=\"Streampac-Video paywall\" alt=\"\" src=\"https:\/\/streampac.io\/nl\/wp-content\/uploads\/sites\/2\/2025\/12\/Streampac-Video-paywall.png\"\/><meta itemprop=\"name\" content=\"Streampac-Video paywall\"><meta itemprop=\"image\" content=\"https:\/\/streampac.io\/nl\/wp-content\/uploads\/sites\/2\/2025\/12\/Streampac-Video-paywall.png\"><\/figure><\/div><\/div><div class=\"tabbed-nav\"><ul><li><button class=\"tab-button active-btn\" data-part=\"block_ed93581ec7c92f5ef06f2d6e5e86cdeb-0\">Abonnementen<\/button><\/li><li><button class=\"tab-button\" data-part=\"block_ed93581ec7c92f5ef06f2d6e5e86cdeb-1\">Pay Per View<\/button><\/li><li><button class=\"tab-button\" data-part=\"block_ed93581ec7c92f5ef06f2d6e5e86cdeb-2\">Advertenties<\/button><\/li><li><button class=\"tab-button\" data-part=\"block_ed93581ec7c92f5ef06f2d6e5e86cdeb-3\">Interactieve Video<\/button><\/li><\/ul><\/div><div class=\"tab-wrapper content active-tab\" data-index=\"block_ed93581ec7c92f5ef06f2d6e5e86cdeb-0\"><div class=\"content-wrapper\" data-index=\"block_ed93581ec7c92f5ef06f2d6e5e86cdeb-0\"><h2 class=\"tab-title\">Abonnementen (SVOD)<\/h2><div class=\"tab-content\"><p>Verkoop toegang tot je video\u2019s op abonnementsbasis (maandelijks of jaarlijks) en bouw aan stabiele inkomsten.<\/p>\n<\/div><\/div><\/div><div class=\"tab-wrapper content\" data-index=\"block_ed93581ec7c92f5ef06f2d6e5e86cdeb-1\"><div class=\"content-wrapper\" data-index=\"block_ed93581ec7c92f5ef06f2d6e5e86cdeb-1\"><h2 class=\"tab-title\">Pay Per View (TVOD)<\/h2><div class=\"tab-content\"><p>Laat gebruikers betalen per afzonderlijke video \u2013 ideaal voor exclusieve content.<\/p>\n<\/div><\/div><\/div><div class=\"tab-wrapper content\" data-index=\"block_ed93581ec7c92f5ef06f2d6e5e86cdeb-2\"><div class=\"content-wrapper\" data-index=\"block_ed93581ec7c92f5ef06f2d6e5e86cdeb-2\"><h2 class=\"tab-title\">Video Advertising (AVOD)<\/h2><div class=\"tab-content\"><p>Voeg prerolls, midrolls en overlays toe. Koppel je eigen Ad Network om advertentie-inkomsten te maximaliseren.<\/p>\n<\/div><\/div><\/div><div class=\"tab-wrapper content\" data-index=\"block_ed93581ec7c92f5ef06f2d6e5e86cdeb-3\"><div class=\"content-wrapper\" data-index=\"block_ed93581ec7c92f5ef06f2d6e5e86cdeb-3\"><h2 class=\"tab-title\">Interactieve Video<\/h2><div class=\"tab-content\"><p>Laat kijkers reageren, stel vragen, verzamel leads of verkoop producten \u2013 allemaal in de video zelf.<\/p>\n<\/div><\/div><\/div><\/div><\/div><\/div><\/div><\/div><\/section>\n\n<section id=section-block-block_12518ddd04a77decd9cbe08f8104d6ea class=\"section block_security mt-0\" itemscope itemtype=\"http:\/\/schema.org\/WebPageElement\" itemprop=\"hasPart\"><div class=\"container\"><div class=\"block-row blocks-in-row-1\"><div class=\"block security-block\" itemscope itemtype=\"http:\/\/schema.org\/WebPageElement\" itemprop=\"isPartOf\"><div class=\"grid\"><div class=\"grid__item\"><a class=\"grid__item-img\"><div class=\"grid__item-img-deco\"><\/div><div class=\"inner-wrapper\"><figure itemscope itemtype=\"http:\/\/schema.org\/ImageObject\" itemprop=\"isPartOf\" class=\"img-wrapper\"><img decoding=\"async\" title=\"secerity-icon-small\" alt=\"\" src=\"https:\/\/streampac.io\/nl\/wp-content\/uploads\/sites\/2\/2023\/05\/secerity-icon-small.png\"\/><meta itemprop=\"name\" content=\"secerity-icon-small\"><meta itemprop=\"image\" content=\"https:\/\/streampac.io\/nl\/wp-content\/uploads\/sites\/2\/2023\/05\/secerity-icon-small.png\"><\/figure><span class=\"block-label\">Security<\/span><div class=\"title-wrapper\"><span class=\"block-subtitle\">Bescherm je waardevolle video&#8217;s door precies te bepalen voor wie, waar en voor welke periode je videocontent wordt gepubliceerd.<\/span><H2 class=\"block-title\">Video security<\/H2><\/div><\/div><\/a><\/div><\/div><\/div><\/div><\/div><\/section>","protected":false},"excerpt":{"rendered":"","protected":false},"author":1,"featured_media":0,"parent":0,"menu_order":0,"comment_status":"closed","ping_status":"closed","template":"","meta":{"_acf_changed":false,"footnotes":""},"class_list":["post-2","page","type-page","status-publish","hentry"],"acf":[],"yoast_head":"<!-- This site is optimized with the Yoast SEO plugin v25.1 - https:\/\/yoast.com\/wordpress\/plugins\/seo\/ -->\n<title>All-in-One Video Platform | Streampac<\/title>\n<meta name=\"description\" content=\"Boost engagement and revenue with Streampac\u2019s customizable video platform. Manage content easily, monetize through subscriptions, ads, and more. Future-ready and fully branded for your business.\" \/>\n<meta name=\"robots\" content=\"index, follow, max-snippet:-1, max-image-preview:large, max-video-preview:-1\" \/>\n<link rel=\"canonical\" href=\"https:\/\/streampac.io\/nl\/\" \/>\n<meta property=\"og:locale\" content=\"nl_NL\" \/>\n<meta property=\"og:type\" content=\"article\" \/>\n<meta property=\"og:title\" content=\"All-in-One Video Platform | Streampac\" \/>\n<meta property=\"og:description\" content=\"Boost engagement and revenue with Streampac\u2019s customizable video platform. Manage content easily, monetize through subscriptions, ads, and more. Future-ready and fully branded for your business.\" \/>\n<meta property=\"og:url\" content=\"https:\/\/streampac.io\/nl\/\" \/>\n<meta property=\"og:site_name\" content=\"Streampac | NL\" \/>\n<meta property=\"article:modified_time\" content=\"2025-12-22T11:12:18+00:00\" \/>\n<meta property=\"og:image\" content=\"https:\/\/streampac.io\/nl\/wp-content\/uploads\/sites\/2\/2022\/08\/streampac-background-comp.jpg\" \/>\n\t<meta property=\"og:image:width\" content=\"2560\" \/>\n\t<meta property=\"og:image:height\" content=\"1440\" \/>\n\t<meta property=\"og:image:type\" content=\"image\/jpeg\" \/>\n<meta name=\"twitter:card\" content=\"summary_large_image\" \/>\n<meta name=\"twitter:label1\" content=\"Geschatte leestijd\" \/>\n\t<meta name=\"twitter:data1\" content=\"4 minuten\" \/>\n<script type=\"application\/ld+json\" class=\"yoast-schema-graph\">{\"@context\":\"https:\/\/schema.org\",\"@graph\":[{\"@type\":\"WebPage\",\"@id\":\"https:\/\/streampac.io\/nl\/\",\"url\":\"https:\/\/streampac.io\/nl\/\",\"name\":\"All-in-One Video Platform | Streampac\",\"isPartOf\":{\"@id\":\"https:\/\/streampac.io\/nl\/#website\"},\"datePublished\":\"2019-12-12T11:58:00+00:00\",\"dateModified\":\"2025-12-22T11:12:18+00:00\",\"description\":\"Boost engagement and revenue with Streampac\u2019s customizable video platform. Manage content easily, monetize through subscriptions, ads, and more. Future-ready and fully branded for your business.\",\"breadcrumb\":{\"@id\":\"https:\/\/streampac.io\/nl\/#breadcrumb\"},\"inLanguage\":\"nl-NL\",\"potentialAction\":[{\"@type\":\"ReadAction\",\"target\":[\"https:\/\/streampac.io\/nl\/\"]}]},{\"@type\":\"BreadcrumbList\",\"@id\":\"https:\/\/streampac.io\/nl\/#breadcrumb\",\"itemListElement\":[{\"@type\":\"ListItem\",\"position\":1,\"name\":\"Home\",\"item\":\"https:\/\/streampac.io\/nl\/\"},{\"@type\":\"ListItem\",\"position\":2,\"name\":\"Home\"}]},{\"@type\":\"WebSite\",\"@id\":\"https:\/\/streampac.io\/nl\/#website\",\"url\":\"https:\/\/streampac.io\/nl\/\",\"name\":\"Streampac | All-in-one video engagement platform\",\"description\":\"Breng content tot leven\",\"publisher\":{\"@id\":\"https:\/\/streampac.io\/nl\/#organization\"},\"alternateName\":\"Streampac\",\"potentialAction\":[{\"@type\":\"SearchAction\",\"target\":{\"@type\":\"EntryPoint\",\"urlTemplate\":\"https:\/\/streampac.io\/nl\/?s={search_term_string}\"},\"query-input\":{\"@type\":\"PropertyValueSpecification\",\"valueRequired\":true,\"valueName\":\"search_term_string\"}}],\"inLanguage\":\"nl-NL\"},{\"@type\":\"Organization\",\"@id\":\"https:\/\/streampac.io\/nl\/#organization\",\"name\":\"Streampac | All-in-one video engagement platform\",\"url\":\"https:\/\/streampac.io\/nl\/\",\"logo\":{\"@type\":\"ImageObject\",\"inLanguage\":\"nl-NL\",\"@id\":\"https:\/\/streampac.io\/nl\/#\/schema\/logo\/image\/\",\"url\":\"https:\/\/streampac.io\/nl\/wp-content\/uploads\/sites\/2\/2023\/04\/beeldmerk-round-500.png\",\"contentUrl\":\"https:\/\/streampac.io\/nl\/wp-content\/uploads\/sites\/2\/2023\/04\/beeldmerk-round-500.png\",\"width\":500,\"height\":500,\"caption\":\"Streampac | All-in-one video engagement platform\"},\"image\":{\"@id\":\"https:\/\/streampac.io\/nl\/#\/schema\/logo\/image\/\"}}]}<\/script>\n<!-- \/ Yoast SEO plugin. -->","yoast_head_json":{"title":"All-in-One Video Platform | Streampac","description":"Boost engagement and revenue with Streampac\u2019s customizable video platform. Manage content easily, monetize through subscriptions, ads, and more. Future-ready and fully branded for your business.","robots":{"index":"index","follow":"follow","max-snippet":"max-snippet:-1","max-image-preview":"max-image-preview:large","max-video-preview":"max-video-preview:-1"},"canonical":"https:\/\/streampac.io\/nl\/","og_locale":"nl_NL","og_type":"article","og_title":"All-in-One Video Platform | Streampac","og_description":"Boost engagement and revenue with Streampac\u2019s customizable video platform. Manage content easily, monetize through subscriptions, ads, and more. Future-ready and fully branded for your business.","og_url":"https:\/\/streampac.io\/nl\/","og_site_name":"Streampac | NL","article_modified_time":"2025-12-22T11:12:18+00:00","og_image":[{"width":2560,"height":1440,"url":"https:\/\/streampac.io\/nl\/wp-content\/uploads\/sites\/2\/2022\/08\/streampac-background-comp.jpg","type":"image\/jpeg"}],"twitter_card":"summary_large_image","twitter_misc":{"Geschatte leestijd":"4 minuten"},"schema":{"@context":"https:\/\/schema.org","@graph":[{"@type":"WebPage","@id":"https:\/\/streampac.io\/nl\/","url":"https:\/\/streampac.io\/nl\/","name":"All-in-One Video Platform | Streampac","isPartOf":{"@id":"https:\/\/streampac.io\/nl\/#website"},"datePublished":"2019-12-12T11:58:00+00:00","dateModified":"2025-12-22T11:12:18+00:00","description":"Boost engagement and revenue with Streampac\u2019s customizable video platform. Manage content easily, monetize through subscriptions, ads, and more. Future-ready and fully branded for your business.","breadcrumb":{"@id":"https:\/\/streampac.io\/nl\/#breadcrumb"},"inLanguage":"nl-NL","potentialAction":[{"@type":"ReadAction","target":["https:\/\/streampac.io\/nl\/"]}]},{"@type":"BreadcrumbList","@id":"https:\/\/streampac.io\/nl\/#breadcrumb","itemListElement":[{"@type":"ListItem","position":1,"name":"Home","item":"https:\/\/streampac.io\/nl\/"},{"@type":"ListItem","position":2,"name":"Home"}]},{"@type":"WebSite","@id":"https:\/\/streampac.io\/nl\/#website","url":"https:\/\/streampac.io\/nl\/","name":"Streampac | All-in-one video engagement platform","description":"Breng content tot leven","publisher":{"@id":"https:\/\/streampac.io\/nl\/#organization"},"alternateName":"Streampac","potentialAction":[{"@type":"SearchAction","target":{"@type":"EntryPoint","urlTemplate":"https:\/\/streampac.io\/nl\/?s={search_term_string}"},"query-input":{"@type":"PropertyValueSpecification","valueRequired":true,"valueName":"search_term_string"}}],"inLanguage":"nl-NL"},{"@type":"Organization","@id":"https:\/\/streampac.io\/nl\/#organization","name":"Streampac | All-in-one video engagement platform","url":"https:\/\/streampac.io\/nl\/","logo":{"@type":"ImageObject","inLanguage":"nl-NL","@id":"https:\/\/streampac.io\/nl\/#\/schema\/logo\/image\/","url":"https:\/\/streampac.io\/nl\/wp-content\/uploads\/sites\/2\/2023\/04\/beeldmerk-round-500.png","contentUrl":"https:\/\/streampac.io\/nl\/wp-content\/uploads\/sites\/2\/2023\/04\/beeldmerk-round-500.png","width":500,"height":500,"caption":"Streampac | All-in-one video engagement platform"},"image":{"@id":"https:\/\/streampac.io\/nl\/#\/schema\/logo\/image\/"}}]}},"_links":{"self":[{"href":"https:\/\/streampac.io\/nl\/wp-json\/wp\/v2\/pages\/2"}],"collection":[{"href":"https:\/\/streampac.io\/nl\/wp-json\/wp\/v2\/pages"}],"about":[{"href":"https:\/\/streampac.io\/nl\/wp-json\/wp\/v2\/types\/page"}],"author":[{"embeddable":true,"href":"https:\/\/streampac.io\/nl\/wp-json\/wp\/v2\/users\/1"}],"replies":[{"embeddable":true,"href":"https:\/\/streampac.io\/nl\/wp-json\/wp\/v2\/comments?post=2"}],"version-history":[{"count":64,"href":"https:\/\/streampac.io\/nl\/wp-json\/wp\/v2\/pages\/2\/revisions"}],"predecessor-version":[{"id":442,"href":"https:\/\/streampac.io\/nl\/wp-json\/wp\/v2\/pages\/2\/revisions\/442"}],"wp:attachment":[{"href":"https:\/\/streampac.io\/nl\/wp-json\/wp\/v2\/media?parent=2"}],"curies":[{"name":"wp","href":"https:\/\/api.w.org\/{rel}","templated":true}]}}